{"id":553,"date":"2013-10-11T13:55:20","date_gmt":"2013-10-11T12:55:20","guid":{"rendered":"http:\/\/vdozlin.cz\/?page_id=553"},"modified":"2014-03-18T14:06:28","modified_gmt":"2014-03-18T13:06:28","slug":"ukazky","status":"publish","type":"page","link":"https:\/\/vdozlin.cz\/?page_id=553","title":{"rendered":"Uk\u00e1zky"},"content":{"rendered":"<p>V\u0161echny uk\u00e1zky jsou k dispozici v na\u0161em <strong><a href=\"http:\/\/www.youtube.com\/user\/vdozlin\">kan\u00e1lu<\/a> <\/strong>na Youtube. M\u016f\u017eete vyb\u00edrat z n\u00e1sleduj\u00edc\u00edch seznamu vide\u00ed:<\/p>\n<p><strong><a href=\"http:\/\/www.youtube.com\/playlist?list=PLRLH25P5gI1aEq4hrKcN5uvGHWgEbJLhu\">Koncert VDO v Kongresov\u00e9m centru 2014<\/a><\/strong><\/p>\n<p><strong><a href=\"http:\/\/www.youtube.com\/playlist?list=PLRLH25P5gI1Y454cxEHGvtYWA6x5tzBbO\">VDO na z\u00e1jezd\u011b &#8211; Francie, kv\u011bten 2013<\/a><\/strong><\/p>\n<p><strong><a href=\"http:\/\/www.youtube.com\/playlist?list=PLRLH25P5gI1ZzASiR8qTdlnisFCO0zCMs\">Koncert VDO v M\u011bstsk\u00e9m divadle Zl\u00edn 2011<\/a><\/strong><\/p>\n<p><strong><a href=\"http:\/\/www.youtube.com\/playlist?list=PL9696E3ED4C6EEDAF\">&#8230;a tuhle zn\u00e1te? P\u00edsn\u011b z TV po\u0159adu o na\u0161em orchestru<\/a><\/strong><\/p>\n<p><strong><a href=\"http:\/\/www.youtube.com\/playlist?list=PL93E5AC320EA3F577\">Koncert VDO v M\u011bstsk\u00e9m divadle Zl\u00edn 2010<\/a><\/strong><\/p>\n","protected":false},"excerpt":{"rendered":"<p>V\u0161echny uk\u00e1zky jsou k dispozici v na\u0161em kan\u00e1lu na Youtube. M\u016f\u017eete vyb\u00edrat z n\u00e1sleduj\u00edc\u00edch seznamu vide\u00ed: Koncert VDO v Kongresov\u00e9m centru 2014 VDO na z\u00e1jezd\u011b &#8211; Francie, kv\u011bten 2013 Koncert VDO v M\u011bstsk\u00e9m divadle Zl\u00edn 2011 &#8230;a tuhle zn\u00e1te? P\u00edsn\u011b z TV po\u0159adu o na\u0161em orchestru Koncert VDO v M\u011bstsk\u00e9m divadle Zl\u00edn 2010<\/p>\n","protected":false},"author":1,"featured_media":0,"parent":0,"menu_order":0,"comment_status":"closed","ping_status":"closed","template":"","meta":{"ngg_post_thumbnail":0,"footnotes":""},"class_list":["post-553","page","type-page","status-publish","hentry"],"_links":{"self":[{"href":"https:\/\/vdozlin.cz\/index.php?rest_route=\/wp\/v2\/pages\/553","targetHints":{"allow":["GET"]}}],"collection":[{"href":"https:\/\/vdozlin.cz\/index.php?rest_route=\/wp\/v2\/pages"}],"about":[{"href":"https:\/\/vdozlin.cz\/index.php?rest_route=\/wp\/v2\/types\/page"}],"author":[{"embeddable":true,"href":"https:\/\/vdozlin.cz\/index.php?rest_route=\/wp\/v2\/users\/1"}],"replies":[{"embeddable":true,"href":"https:\/\/vdozlin.cz\/index.php?rest_route=%2Fwp%2Fv2%2Fcomments&post=553"}],"version-history":[{"count":6,"href":"https:\/\/vdozlin.cz\/index.php?rest_route=\/wp\/v2\/pages\/553\/revisions"}],"predecessor-version":[{"id":1372,"href":"https:\/\/vdozlin.cz\/index.php?rest_route=\/wp\/v2\/pages\/553\/revisions\/1372"}],"wp:attachment":[{"href":"https:\/\/vdozlin.cz\/index.php?rest_route=%2Fwp%2Fv2%2Fmedia&parent=553"}],"curies":[{"name":"wp","href":"https:\/\/api.w.org\/{rel}","templated":true}]}}