{"id":422,"date":"2013-02-20T12:40:42","date_gmt":"2013-02-20T11:40:42","guid":{"rendered":"http:\/\/vdozlin.cz\/?page_id=422"},"modified":"2025-10-30T21:12:28","modified_gmt":"2025-10-30T20:12:28","slug":"obsazeni","status":"publish","type":"page","link":"https:\/\/vdozlin.cz\/?page_id=422","title":{"rendered":"Obsazen\u00ed"},"content":{"rendered":"<p><strong>Dirigent:<\/strong><br \/>\nSvetoslav To\u010dev, V\u00edt Ot\u00e1hal<\/p>\n<p><strong>Zp\u011bv:<\/strong><br \/>\nMagdalena Malan\u00edkov\u00e1, Mark\u00e9ta Vodi\u010dkov\u00e1<\/p>\n<p><strong>Fl\u00e9tny:<\/strong><br \/>\nBezd\u011bkov\u00e1 Radka, Miklov\u00e1 Lucie, Ru\u010dkov\u00e1 Lenka, Ve\u010de\u0159ov\u00e1 Renata, Zaj\u00edcov\u00e1 Jitka, Karl\u00edkov\u00e1 Magda, Ru\u010dkov\u00e1 Lucka, Zuzan\u00edkov\u00e1 Adriana, Hol\u00e1 Nat\u00e1lie<\/p>\n<p><strong>Klarinety:<br \/>\n<\/strong>Hudec Radom\u00edr, Gabriel Jaroslav, Kova\u0159\u00edk Vojta, Kola\u0159\u00edk Tom\u00e1\u0161, Ji\u0159\u00ed \u0160arman, Hana \u0160indel\u00e1\u0159ov\u00e1, Pol\u00e1\u010dkov\u00e1 Marie, Sedl\u00e1\u010dek Du\u0161an, Tala\u0161 V\u00e1clav, Zaoral Tom\u00e1\u0161<\/p>\n<p><strong>Saxofony<\/strong>:<br \/>\n\u010cervinka Martin, Gabriel Ji\u0159\u00ed, V\u00edcha Jan, Mac\u00edkov\u00e1 Jana, Slov\u00e1k Pavel, Vel\u00edsek Michal<\/p>\n<p><strong>Lesn\u00ed rohy:<\/strong><br \/>\nKarl\u00edk Filip, Ko\u0161inov\u00e1 Tereza, Linner Ruda, Kolajov\u00e1 Jana<\/p>\n<p><strong>Trubky B:<\/strong><br \/>\nNov\u00e1k Robert, Mikel Ji\u0159\u00ed, Kol\u00e1\u0159 Martin, Ml\u010dek Karel, Tesa\u0159 Anton\u00edn, Prokop Martin, Pet\u0159\u00edk Zden\u011bk<\/p>\n<p><strong>Barytony:<\/strong><br \/>\nD\u00fabrava Josef, Kraj\u010dov\u00e1 Marie, Slov\u00e1k Milan st.<\/p>\n<p><strong>Tenory:<\/strong><br \/>\nZuzan\u00edk Luk\u00e1\u0161, Slov\u00e1k Milan \u017eel.<\/p>\n<p><strong>Trombony:<\/strong><br \/>\nVav\u0159\u00edk Michal, \u0160idl\u00edk Martin, Slov\u00e1k Milan ml., Seifert Miroslav, Kopl\u00edk Rostislav<\/p>\n<p><strong>Bic\u00ed:<\/strong><br \/>\nSlov\u00e1k Alfons, Pt\u00e1\u010dek Petr, Luk\u00e1\u0161 Jan, Kalivoda Pavel<\/p>\n<p><strong>K\u0159\u00eddlovky:<\/strong><br \/>\n\u010cern\u00fd Tom\u00e1\u0161, Hru\u0161ka Tom\u00e1\u0161, Vojt\u011bch Lubo\u0161, Stan\u011bk Martin, Pon\u00ed\u017eil Jind\u0159ich, \u0160oukal Ivan,&nbsp;\u0160arman Radek<\/p>\n<p><strong>Basy:<\/strong><br \/>\nArno\u0161t Bohumil, Pon\u00ed\u017eil Petr, Stan\u011bk Petr, Miroslav \u017dv\u00e1\u010dek<\/p>\n<p><strong>Basov\u00e1 kytara:<\/strong><br \/>\nVit Kymla<\/p>\n<p><strong>Kl\u00e1vesy:<\/strong><br \/>\nMilan Vidl\u00e1k<\/p>\n","protected":false},"excerpt":{"rendered":"<p>Dirigent: Svetoslav To\u010dev, V\u00edt Ot\u00e1hal Zp\u011bv: Magdalena Malan\u00edkov\u00e1, Mark\u00e9ta Vodi\u010dkov\u00e1 Fl\u00e9tny: Bezd\u011bkov\u00e1 Radka, Miklov\u00e1 Lucie, Ru\u010dkov\u00e1 Lenka, Ve\u010de\u0159ov\u00e1 Renata, Zaj\u00edcov\u00e1 Jitka, Karl\u00edkov\u00e1 Magda, Ru\u010dkov\u00e1 Lucka, Zuzan\u00edkov\u00e1 Adriana, Hol\u00e1 Nat\u00e1lie Klarinety: Hudec Radom\u00edr, Gabriel Jaroslav, Kova\u0159\u00edk Vojta, Kola\u0159\u00edk Tom\u00e1\u0161, Ji\u0159\u00ed \u0160arman, Hana \u0160indel\u00e1\u0159ov\u00e1, Pol\u00e1\u010dkov\u00e1 Marie, Sedl\u00e1\u010dek Du\u0161an, Tala\u0161 V\u00e1clav, Zaoral Tom\u00e1\u0161 Saxofony: \u010cervinka Martin, Gabriel Ji\u0159\u00ed, [&hellip;]<\/p>\n","protected":false},"author":1,"featured_media":0,"parent":0,"menu_order":0,"comment_status":"open","ping_status":"open","template":"","meta":{"ngg_post_thumbnail":0,"footnotes":""},"class_list":["post-422","page","type-page","status-publish","hentry"],"_links":{"self":[{"href":"https:\/\/vdozlin.cz\/index.php?rest_route=\/wp\/v2\/pages\/422","targetHints":{"allow":["GET"]}}],"collection":[{"href":"https:\/\/vdozlin.cz\/index.php?rest_route=\/wp\/v2\/pages"}],"about":[{"href":"https:\/\/vdozlin.cz\/index.php?rest_route=\/wp\/v2\/types\/page"}],"author":[{"embeddable":true,"href":"https:\/\/vdozlin.cz\/index.php?rest_route=\/wp\/v2\/users\/1"}],"replies":[{"embeddable":true,"href":"https:\/\/vdozlin.cz\/index.php?rest_route=%2Fwp%2Fv2%2Fcomments&post=422"}],"version-history":[{"count":11,"href":"https:\/\/vdozlin.cz\/index.php?rest_route=\/wp\/v2\/pages\/422\/revisions"}],"predecessor-version":[{"id":1346,"href":"https:\/\/vdozlin.cz\/index.php?rest_route=\/wp\/v2\/pages\/422\/revisions\/1346"}],"wp:attachment":[{"href":"https:\/\/vdozlin.cz\/index.php?rest_route=%2Fwp%2Fv2%2Fmedia&parent=422"}],"curies":[{"name":"wp","href":"https:\/\/api.w.org\/{rel}","templated":true}]}}