{"id":404,"date":"2013-02-20T11:52:55","date_gmt":"2013-02-20T10:52:55","guid":{"rendered":"http:\/\/vdozlin.cz\/?page_id=404"},"modified":"2025-10-30T22:10:12","modified_gmt":"2025-10-30T21:10:12","slug":"pripravujeme","status":"publish","type":"page","link":"https:\/\/vdozlin.cz\/?page_id=404","title":{"rendered":"Zveme V\u00e1s"},"content":{"rendered":"\n<p>I letos V\u00e1s zveme na tradi\u010dn\u00ed <strong>Podzimn\u00ed koncert Velk\u00e9ho dechov\u00e9ho koncertu m\u011bsta Zl\u00edna<\/strong>, kter\u00fd se uskute\u010dn\u00ed <strong>v ned\u011bli 23. listopadu 2025<\/strong> v <strong>Kongresov\u00e9m centru Zl\u00edn<\/strong>.<\/p>\n\n\n\n<p>T\u011b\u0161it se m\u016f\u017eete na bohat\u00fd reperto\u00e1r, p\u011bveck\u00e1 s\u00f3la Magdaleny Malan\u00edkov\u00e9, Mark\u00e9ty Vodi\u010dkov\u00e9 a Libora Dlouh\u00e9ho, tane\u010dn\u00ed vystoupen\u00ed Ma\u0159oretek a Klubu spole\u010densk\u00fdch tanc\u016f Ale\u0161e a Dany M\u011bd\u00edlkov\u00fdch a to v\u0161e pod veden\u00edm zku\u0161en\u00fdch dirigent\u016f Svetoslava To\u010deva a V\u00edta Ot\u00e1hala. Hostem leto\u0161n\u00edho ro\u010dn\u00edku bude Z\u00e1humen\u00ed Street Band.<\/p>\n\n\n\n<figure class=\"wp-block-image size-large\"><img loading=\"lazy\" decoding=\"async\" width=\"724\" height=\"1024\" src=\"http:\/\/vdozlin.cz\/vdozlin.cz\/wp-content\/VDO_2025-724x1024.jpg\" alt=\"\" class=\"wp-image-1345\" srcset=\"https:\/\/vdozlin.cz\/vdozlin.cz\/wp-content\/VDO_2025-724x1024.jpg 724w, https:\/\/vdozlin.cz\/vdozlin.cz\/wp-content\/VDO_2025-212x300.jpg 212w, https:\/\/vdozlin.cz\/vdozlin.cz\/wp-content\/VDO_2025-768x1086.jpg 768w, https:\/\/vdozlin.cz\/vdozlin.cz\/wp-content\/VDO_2025-1086x1536.jpg 1086w, https:\/\/vdozlin.cz\/vdozlin.cz\/wp-content\/VDO_2025-177x250.jpg 177w, https:\/\/vdozlin.cz\/vdozlin.cz\/wp-content\/VDO_2025.jpg 1190w\" sizes=\"auto, (max-width: 724px) 100vw, 724px\" \/><\/figure>\n","protected":false},"excerpt":{"rendered":"<p>I letos V\u00e1s zveme na tradi\u010dn\u00ed Podzimn\u00ed koncert Velk\u00e9ho dechov\u00e9ho koncertu m\u011bsta Zl\u00edna, kter\u00fd se uskute\u010dn\u00ed v ned\u011bli 23. listopadu 2025 v Kongresov\u00e9m centru Zl\u00edn. T\u011b\u0161it se m\u016f\u017eete na bohat\u00fd reperto\u00e1r, p\u011bveck\u00e1 s\u00f3la Magdaleny Malan\u00edkov\u00e9, Mark\u00e9ty Vodi\u010dkov\u00e9 a Libora Dlouh\u00e9ho, tane\u010dn\u00ed vystoupen\u00ed Ma\u0159oretek a Klubu spole\u010densk\u00fdch tanc\u016f Ale\u0161e a Dany M\u011bd\u00edlkov\u00fdch a to v\u0161e pod [&hellip;]<\/p>\n","protected":false},"author":1,"featured_media":0,"parent":0,"menu_order":0,"comment_status":"open","ping_status":"open","template":"","meta":{"ngg_post_thumbnail":0,"footnotes":""},"class_list":["post-404","page","type-page","status-publish","hentry"],"_links":{"self":[{"href":"https:\/\/vdozlin.cz\/index.php?rest_route=\/wp\/v2\/pages\/404","targetHints":{"allow":["GET"]}}],"collection":[{"href":"https:\/\/vdozlin.cz\/index.php?rest_route=\/wp\/v2\/pages"}],"about":[{"href":"https:\/\/vdozlin.cz\/index.php?rest_route=\/wp\/v2\/types\/page"}],"author":[{"embeddable":true,"href":"https:\/\/vdozlin.cz\/index.php?rest_route=\/wp\/v2\/users\/1"}],"replies":[{"embeddable":true,"href":"https:\/\/vdozlin.cz\/index.php?rest_route=%2Fwp%2Fv2%2Fcomments&post=404"}],"version-history":[{"count":36,"href":"https:\/\/vdozlin.cz\/index.php?rest_route=\/wp\/v2\/pages\/404\/revisions"}],"predecessor-version":[{"id":1371,"href":"https:\/\/vdozlin.cz\/index.php?rest_route=\/wp\/v2\/pages\/404\/revisions\/1371"}],"wp:attachment":[{"href":"https:\/\/vdozlin.cz\/index.php?rest_route=%2Fwp%2Fv2%2Fmedia&parent=404"}],"curies":[{"name":"wp","href":"https:\/\/api.w.org\/{rel}","templated":true}]}}